{"id":1006,"date":"2025-03-11T11:40:30","date_gmt":"2025-03-11T10:40:30","guid":{"rendered":"http:\/\/localhost\/wordpress_vierge\/?page_id=1006"},"modified":"2025-04-15T16:41:29","modified_gmt":"2025-04-15T14:41:29","slug":"about-us-light-9","status":"publish","type":"page","link":"https:\/\/www.elitecom.com.tn\/?page_id=1006","title":{"rendered":"Audit Applicatif"},"content":{"rendered":"\t\t<div data-elementor-type=\"wp-page\" data-elementor-id=\"1006\" class=\"elementor elementor-1006\">\n\t\t\t\t\t\t<section class=\"elementor-section elementor-top-section elementor-element elementor-element-5bbb8851 elementor-section-height-min-height elementor-section-boxed elementor-section-height-default elementor-section-items-middle wpr-particle-no wpr-jarallax-no wpr-parallax-no wpr-sticky-section-no\" data-id=\"5bbb8851\" data-element_type=\"section\" id=\"next\" data-settings=\"{&quot;background_background&quot;:&quot;classic&quot;}\">\n\t\t\t\t\t\t\t<div class=\"elementor-background-overlay\"><\/div>\n\t\t\t\t\t\t\t<div class=\"elementor-container elementor-column-gap-default\">\n\t\t\t\t\t<div class=\"elementor-column elementor-col-100 elementor-top-column elementor-element elementor-element-4ed25b8c\" data-id=\"4ed25b8c\" data-element_type=\"column\">\n\t\t\t<div class=\"elementor-widget-wrap elementor-element-populated\">\n\t\t\t\t\t\t<div class=\"elementor-element elementor-element-5b97a2b9 elementor-invisible elementor-widget elementor-widget-heading\" data-id=\"5b97a2b9\" data-element_type=\"widget\" data-settings=\"{&quot;_animation&quot;:&quot;fadeInUp&quot;}\" data-widget_type=\"heading.default\">\n\t\t\t\t<div class=\"elementor-widget-container\">\n\t\t\t\t\t<h1 class=\"elementor-heading-title elementor-size-default\"><div style=\"padding: 20px;font-family: var(--nav-font)\">\n  <strong>\nAudit Applicatif<\/strong><span style=\"color: #F92FFF\"> <\/span>\n<\/div><\/h1>\t\t\t\t<\/div>\n\t\t\t\t<\/div>\n\t\t\t\t<div class=\"elementor-element elementor-element-acda995 elementor-invisible elementor-widget elementor-widget-heading\" data-id=\"acda995\" data-element_type=\"widget\" data-settings=\"{&quot;_animation&quot;:&quot;fadeInUp&quot;}\" data-widget_type=\"heading.default\">\n\t\t\t\t<div class=\"elementor-widget-container\">\n\t\t\t\t\t<h1 class=\"elementor-heading-title elementor-size-default\"><div style=\"padding: 20px;font-family: var(--nav-font)\">\n<span style=\"color: #E0C49D;font-size:35px\">Elitecom<\/span><span style=\"color: #F92FFF\"> .<\/span>\n<\/div><\/h1>\t\t\t\t<\/div>\n\t\t\t\t<\/div>\n\t\t\t\t<div class=\"elementor-element elementor-element-570b118 elementor-invisible elementor-widget elementor-widget-heading\" data-id=\"570b118\" data-element_type=\"widget\" data-settings=\"{&quot;_animation&quot;:&quot;fadeInUp&quot;}\" data-widget_type=\"heading.default\">\n\t\t\t\t<div class=\"elementor-widget-container\">\n\t\t\t\t\t<h1 class=\"elementor-heading-title elementor-size-default\"><div style=\"padding: 20px;font-family: var(--nav-font)\">\n \n<strong>\nL\u2019Audit Applicatif, Premi\u00e8re \u00c9tape Vers l\u2019Optimisation.\n<\/strong>\n\n<\/div><\/h1>\t\t\t\t<\/div>\n\t\t\t\t<\/div>\n\t\t\t\t\t<\/div>\n\t\t<\/div>\n\t\t\t\t\t<\/div>\n\t\t<\/section>\n\t\t\t\t<section class=\"elementor-section elementor-top-section elementor-element elementor-element-accf14c elementor-section-boxed elementor-section-height-default elementor-section-height-default wpr-particle-no wpr-jarallax-no wpr-parallax-no wpr-sticky-section-no\" data-id=\"accf14c\" data-element_type=\"section\">\n\t\t\t\t\t\t<div class=\"elementor-container elementor-column-gap-default\">\n\t\t\t\t\t<div class=\"elementor-column elementor-col-100 elementor-top-column elementor-element elementor-element-75aad06\" data-id=\"75aad06\" data-element_type=\"column\">\n\t\t\t<div class=\"elementor-widget-wrap elementor-element-populated\">\n\t\t\t\t\t\t<div class=\"elementor-element elementor-element-cea3e02 elementor-widget elementor-widget-spacer\" data-id=\"cea3e02\" data-element_type=\"widget\" data-widget_type=\"spacer.default\">\n\t\t\t\t<div class=\"elementor-widget-container\">\n\t\t\t\t\t\t\t<div class=\"elementor-spacer\">\n\t\t\t<div class=\"elementor-spacer-inner\"><\/div>\n\t\t<\/div>\n\t\t\t\t\t\t<\/div>\n\t\t\t\t<\/div>\n\t\t\t\t<div class=\"elementor-element elementor-element-a8aa902 elementor-widget elementor-widget-text-editor\" data-id=\"a8aa902\" data-element_type=\"widget\" data-widget_type=\"text-editor.default\">\n\t\t\t\t<div class=\"elementor-widget-container\">\n\t\t\t\t\t\t\t\t\t<style>\n    .nav-link {\n        text-decoration: none !important;\n        font-weight: bold;\n        color: #8A8888; \/* couleur normale *\/\n    }\n\n    .nav-link:hover {\n        text-decoration: none !important;\n        color: #8A8888; \/* couleur au survol *\/\n    }\n\n    \/* Classe pour d\u00e9sactiver le hover *\/\n    .no-hover:hover {\n        color: #8A8888 !important; \/* garde la m\u00eame couleur au survol *\/\n    }\n\n    .separator {\n        margin: 0 10px;\n        font-size: 22px;\n        color: #8A8888;\n    }\n<\/style>\n\n<a class=\"nav-link\" style=\"color: grey;\" href=\"#\">Nos Services<\/a>\n<span class=\"separator\">\/<\/span>\n<a class=\"nav-link\" style=\"color: grey;\" href=\"#\">Audit Applicatif<\/a>\t\t\t\t\t\t\t\t<\/div>\n\t\t\t\t<\/div>\n\t\t\t\t\t<\/div>\n\t\t<\/div>\n\t\t\t\t\t<\/div>\n\t\t<\/section>\n\t\t\t\t<section class=\"elementor-section elementor-top-section elementor-element elementor-element-2643439 elementor-section-boxed elementor-section-height-default elementor-section-height-default wpr-particle-no wpr-jarallax-no wpr-parallax-no wpr-sticky-section-no\" data-id=\"2643439\" data-element_type=\"section\" data-settings=\"{&quot;background_background&quot;:&quot;gradient&quot;}\">\n\t\t\t\t\t\t<div class=\"elementor-container elementor-column-gap-default\">\n\t\t\t\t\t<div class=\"elementor-column elementor-col-100 elementor-top-column elementor-element elementor-element-bf6280d\" data-id=\"bf6280d\" data-element_type=\"column\">\n\t\t\t<div class=\"elementor-widget-wrap elementor-element-populated\">\n\t\t\t\t\t\t<section class=\"elementor-section elementor-inner-section elementor-element elementor-element-ee5730e elementor-section-boxed elementor-section-height-default elementor-section-height-default wpr-particle-no wpr-jarallax-no wpr-parallax-no wpr-sticky-section-no\" data-id=\"ee5730e\" data-element_type=\"section\" data-settings=\"{&quot;background_background&quot;:&quot;classic&quot;}\">\n\t\t\t\t\t\t<div class=\"elementor-container elementor-column-gap-default\">\n\t\t\t\t\t<div class=\"elementor-column elementor-col-50 elementor-inner-column elementor-element elementor-element-77f02a4\" data-id=\"77f02a4\" data-element_type=\"column\">\n\t\t\t<div class=\"elementor-widget-wrap elementor-element-populated\">\n\t\t\t\t\t\t<div class=\"elementor-element elementor-element-4c5985a elementor-widget elementor-widget-heading\" data-id=\"4c5985a\" data-element_type=\"widget\" data-widget_type=\"heading.default\">\n\t\t\t\t<div class=\"elementor-widget-container\">\n\t\t\t\t\t<h1 class=\"elementor-heading-title elementor-size-default\"><strong>Optimisez et Modernisez vos Applications Web et Mobiles avec Expertise<\/strong><\/h2><\/h1>\t\t\t\t<\/div>\n\t\t\t\t<\/div>\n\t\t\t\t<div class=\"elementor-element elementor-element-ae33bd0 elementor-widget elementor-widget-text-editor\" data-id=\"ae33bd0\" data-element_type=\"widget\" data-widget_type=\"text-editor.default\">\n\t\t\t\t<div class=\"elementor-widget-container\">\n\t\t\t\t\t\t\t\t\t<span style=\"color: black; font-family: Roboto, system-ui, -apple-system, 'Segoe UI', Roboto, 'Helvetica Neue', Arial, 'Noto Sans', 'Liberation Sans', sans-serif, 'Apple Color Emoji', 'Segoe UI Emoji', 'Segoe UI Symbol', 'Noto Color Emoji'; font-size: large; text-align: center;\">Notre service d\u2019audit applicatif d\u00e9di\u00e9 vous permettra d&rsquo;identifier clairement les axes d\u2019am\u00e9lioration et de prendre les d\u00e9cisions les plus adapt\u00e9es pour la p\u00e9rennit\u00e9 et l\u2019efficacit\u00e9 de vos applications. Chez <strong> Elitecom<\/strong>,\u00a0nous vous offrons un service d\u2019audit approfondi pour \u00e9valuer vos applications m\u00e9tier, qu&rsquo;elles soient web ou mobiles. Cet audit complet vous permet d\u2019obtenir une vision claire et d\u00e9taill\u00e9e de l\u2019\u00e9tat actuel de vos solutions et d&rsquo;identifier les leviers d\u2019am\u00e9lioration.\n<\/span>\t\t\t\t\t\t\t\t<\/div>\n\t\t\t\t<\/div>\n\t\t\t\t\t<\/div>\n\t\t<\/div>\n\t\t\t\t<section class=\"elementor-column elementor-col-50 elementor-inner-column elementor-element elementor-element-60fb0f3\" data-id=\"60fb0f3\" data-element_type=\"column\">\n\t\t\t<div class=\"elementor-widget-wrap elementor-element-populated\">\n\t\t\t\t\t\t<div class=\"elementor-element elementor-element-078f9bb elementor-widget__width-initial elementor-widget elementor-widget-image\" data-id=\"078f9bb\" data-element_type=\"widget\" data-widget_type=\"image.default\">\n\t\t\t\t<div class=\"elementor-widget-container\">\n\t\t\t\t\t\t\t\t\t\t\t\t\t\t\t<img fetchpriority=\"high\" decoding=\"async\" width=\"640\" height=\"385\" src=\"https:\/\/www.elitecom.com.tn\/wp-content\/uploads\/2025\/03\/audit-applicatif2.webp\" class=\"attachment-large size-large wp-image-1009\" alt=\"\" \/>\t\t\t\t\t\t\t\t\t\t\t\t\t\t\t<\/div>\n\t\t\t\t<\/div>\n\t\t\t\t\t<\/div>\n\t\t<\/section>\n\t\t\t\t\t<\/div>\n\t\t<\/section>\n\t\t\t\t\t<\/div>\n\t\t<\/div>\n\t\t\t\t\t<\/div>\n\t\t<\/section>\n\t\t\t\t<section class=\"elementor-section elementor-top-section elementor-element elementor-element-7e0f8078 elementor-section-boxed elementor-section-height-default elementor-section-height-default wpr-particle-no wpr-jarallax-no wpr-parallax-no wpr-sticky-section-no\" data-id=\"7e0f8078\" data-element_type=\"section\" data-settings=\"{&quot;background_background&quot;:&quot;classic&quot;}\">\n\t\t\t\t\t\t<div class=\"elementor-container elementor-column-gap-default\">\n\t\t\t\t\t<div class=\"elementor-column elementor-col-100 elementor-top-column elementor-element elementor-element-49a7fd56\" data-id=\"49a7fd56\" data-element_type=\"column\">\n\t\t\t<div class=\"elementor-widget-wrap elementor-element-populated\">\n\t\t\t\t\t\t<div class=\"elementor-element elementor-element-496fd697 elementor-invisible elementor-widget elementor-widget-heading\" data-id=\"496fd697\" data-element_type=\"widget\" data-settings=\"{&quot;_animation&quot;:&quot;fadeIn&quot;}\" data-widget_type=\"heading.default\">\n\t\t\t\t<div class=\"elementor-widget-container\">\n\t\t\t\t\t<h2 class=\"elementor-heading-title elementor-size-default\"><strong>Processus de Diagnostic et Strat\u00e9gies de Modernisation<\/h2>\t\t\t\t<\/div>\n\t\t\t\t<\/div>\n\t\t\t\t\t<\/div>\n\t\t<\/div>\n\t\t\t\t\t<\/div>\n\t\t<\/section>\n\t\t\t\t<section class=\"elementor-section elementor-top-section elementor-element elementor-element-38abc29c elementor-section-boxed elementor-section-height-default elementor-section-height-default wpr-particle-no wpr-jarallax-no wpr-parallax-no wpr-sticky-section-no\" data-id=\"38abc29c\" data-element_type=\"section\">\n\t\t\t\t\t\t<div class=\"elementor-container elementor-column-gap-default\">\n\t\t\t\t\t<div class=\"elementor-column elementor-col-50 elementor-top-column elementor-element elementor-element-17f0f960\" data-id=\"17f0f960\" data-element_type=\"column\">\n\t\t\t<div class=\"elementor-widget-wrap elementor-element-populated\">\n\t\t\t\t\t\t<div class=\"elementor-element elementor-element-261e914d elementor-view-default elementor-position-top elementor-invisible elementor-widget elementor-widget-themo-service-block\" data-id=\"261e914d\" data-element_type=\"widget\" data-settings=\"{&quot;_animation&quot;:&quot;fadeIn&quot;,&quot;_animation_delay&quot;:200}\" data-widget_type=\"themo-service-block.default\">\n\t\t\t\t<div class=\"elementor-widget-container\">\n\t\t\t\t\t\t\t<div class=\"th-service-block-w\">\n            <div class=\"elementor-icon-box-wrapper th-show-icon\">\n                                    <div class=\"elementor-icon-box-icon th-icon-size-md\">\n                        <span class=\"elementor-icon \" >\n                            <i aria-hidden=\"true\" class=\"th-linea icon th-linea icon-basic-todolist-pen\"><\/i>                        <\/span>\n                    <\/div>\n                                <div class=\"elementor-icon-box-content\">\n                    <h4 class=\"elementor-icon-box-title\">\n                        <span >Audit applicatif : Un diagnostic exhaustif et strat\u00e9gique<\/span>\n                    <\/h4>\n                    <p class=\"elementor-icon-box-description\">Un audit complet de l\u2019application couvre des aspects cl\u00e9s tels que la compl\u00e9tude fonctionnelle, la dette technique, la qualit\u00e9 des tests, les processus de d\u00e9veloppement, et les co\u00fbts d\u2019\u00e9volution. Cette \u00e9valuation identifie les contraintes, les probl\u00e9matiques techniques et propose des pistes d\u2019am\u00e9lioration et de modernisation.\n<\/p>\n                <\/div>\n            <\/div>\n\n        <\/div>\n\n\t\t\t\t\t\t<\/div>\n\t\t\t\t<\/div>\n\t\t\t\t\t<\/div>\n\t\t<\/div>\n\t\t\t\t<div class=\"elementor-column elementor-col-50 elementor-top-column elementor-element elementor-element-26652242\" data-id=\"26652242\" data-element_type=\"column\">\n\t\t\t<div class=\"elementor-widget-wrap elementor-element-populated\">\n\t\t\t\t\t\t<div class=\"elementor-element elementor-element-5c00c1f9 elementor-view-default elementor-position-top elementor-invisible elementor-widget elementor-widget-themo-service-block\" data-id=\"5c00c1f9\" data-element_type=\"widget\" data-settings=\"{&quot;_animation&quot;:&quot;fadeIn&quot;,&quot;_animation_delay&quot;:400}\" data-widget_type=\"themo-service-block.default\">\n\t\t\t\t<div class=\"elementor-widget-container\">\n\t\t\t\t\t\t\t<div class=\"th-service-block-w\">\n            <div class=\"elementor-icon-box-wrapper th-show-icon\">\n                                    <div class=\"elementor-icon-box-icon th-icon-size-md\">\n                        <span class=\"elementor-icon \" >\n                            <i aria-hidden=\"true\" class=\"far fa-chart-bar\"><\/i>                        <\/span>\n                    <\/div>\n                                <div class=\"elementor-icon-box-content\">\n                    <h4 class=\"elementor-icon-box-title\">\n                        <span >Analyse adapt\u00e9e aux diff\u00e9rentes phases de vie de l\u2019application<\/span>\n                    <\/h4>\n                    <p class=\"elementor-icon-box-description\">Que ce soit pour moderniser, corriger des bugs complexes ou g\u00e9rer un manque de ma\u00eetrise du code, cette analyse s\u2019impose comme une \u00e9tape essentielle. Elle permet de r\u00e9soudre les d\u00e9fis pos\u00e9s par des applications obsol\u00e8tes ou mal document\u00e9es, ou dont l\u2019\u00e9volution devient co\u00fbteuse.\n<\/p>\n                <\/div>\n            <\/div>\n\n        <\/div>\n\n\t\t\t\t\t\t<\/div>\n\t\t\t\t<\/div>\n\t\t\t\t\t<\/div>\n\t\t<\/div>\n\t\t\t\t\t<\/div>\n\t\t<\/section>\n\t\t\t\t<section class=\"elementor-section elementor-top-section elementor-element elementor-element-100963c1 elementor-section-boxed elementor-section-height-default elementor-section-height-default wpr-particle-no wpr-jarallax-no wpr-parallax-no wpr-sticky-section-no\" data-id=\"100963c1\" data-element_type=\"section\">\n\t\t\t\t\t\t<div class=\"elementor-container elementor-column-gap-default\">\n\t\t\t\t\t<div class=\"elementor-column elementor-col-50 elementor-top-column elementor-element elementor-element-48ff2d25\" data-id=\"48ff2d25\" data-element_type=\"column\">\n\t\t\t<div class=\"elementor-widget-wrap elementor-element-populated\">\n\t\t\t\t\t\t<div class=\"elementor-element elementor-element-c23e49a elementor-view-default elementor-position-top elementor-invisible elementor-widget elementor-widget-themo-service-block\" data-id=\"c23e49a\" data-element_type=\"widget\" data-settings=\"{&quot;_animation&quot;:&quot;fadeIn&quot;,&quot;_animation_delay&quot;:200}\" data-widget_type=\"themo-service-block.default\">\n\t\t\t\t<div class=\"elementor-widget-container\">\n\t\t\t\t\t\t\t<div class=\"th-service-block-w\">\n            <div class=\"elementor-icon-box-wrapper th-show-icon\">\n                                    <div class=\"elementor-icon-box-icon th-icon-size-md\">\n                        <span class=\"elementor-icon \" >\n                            <i aria-hidden=\"true\" class=\"fas fa-edit\"><\/i>                        <\/span>\n                    <\/div>\n                                <div class=\"elementor-icon-box-content\">\n                    <h4 class=\"elementor-icon-box-title\">\n                        <span >Diagnostic pr\u00e9cis des signes d\u2019une application obsol\u00e8te<\/span>\n                    <\/h4>\n                    <p class=\"elementor-icon-box-description\">Technologies obsol\u00e8tes, documentation manquante ou d\u00e9veloppeurs indisponibles peuvent indiquer des risques majeurs. Un audit permet d\u2019identifier ces probl\u00e8mes et de garantir la p\u00e9rennit\u00e9 des activit\u00e9s.\n<\/p>\n                <\/div>\n            <\/div>\n\n        <\/div>\n\n\t\t\t\t\t\t<\/div>\n\t\t\t\t<\/div>\n\t\t\t\t\t<\/div>\n\t\t<\/div>\n\t\t\t\t<div class=\"elementor-column elementor-col-50 elementor-top-column elementor-element elementor-element-3920dbfd\" data-id=\"3920dbfd\" data-element_type=\"column\">\n\t\t\t<div class=\"elementor-widget-wrap elementor-element-populated\">\n\t\t\t\t\t\t<div class=\"elementor-element elementor-element-1266c384 elementor-view-default elementor-position-top elementor-invisible elementor-widget elementor-widget-themo-service-block\" data-id=\"1266c384\" data-element_type=\"widget\" data-settings=\"{&quot;_animation&quot;:&quot;fadeIn&quot;,&quot;_animation_delay&quot;:400}\" data-widget_type=\"themo-service-block.default\">\n\t\t\t\t<div class=\"elementor-widget-container\">\n\t\t\t\t\t\t\t<div class=\"th-service-block-w\">\n            <div class=\"elementor-icon-box-wrapper th-show-icon\">\n                                    <div class=\"elementor-icon-box-icon th-icon-size-md\">\n                        <span class=\"elementor-icon \" >\n                            <i aria-hidden=\"true\" class=\"th-linea icon th-linea icon-ecommerce-money\"><\/i>                        <\/span>\n                    <\/div>\n                                <div class=\"elementor-icon-box-content\">\n                    <h4 class=\"elementor-icon-box-title\">\n                        <span >Un diagnostic clair et une feuille de route strat\u00e9gique<\/span>\n                    <\/h4>\n                    <p class=\"elementor-icon-box-description\">Nos experts r\u00e9alisent un audit pr\u00e9cis, identifient l\u2019\u00e9tat de l\u2019application et \u00e9laborent une feuille de route d\u00e9taill\u00e9e pour sa modernisation. Cette d\u00e9marche vise \u00e0 maximiser la performance des applications m\u00e9tier et \u00e0 optimiser vos investissements.\n<\/p>\n                <\/div>\n            <\/div>\n\n        <\/div>\n\n\t\t\t\t\t\t<\/div>\n\t\t\t\t<\/div>\n\t\t\t\t\t<\/div>\n\t\t<\/div>\n\t\t\t\t\t<\/div>\n\t\t<\/section>\n\t\t\t\t<section class=\"elementor-section elementor-top-section elementor-element elementor-element-3060ea8 elementor-section-boxed elementor-section-height-default elementor-section-height-default wpr-particle-no wpr-jarallax-no wpr-parallax-no wpr-sticky-section-no\" data-id=\"3060ea8\" data-element_type=\"section\" data-settings=\"{&quot;background_background&quot;:&quot;classic&quot;}\">\n\t\t\t\t\t\t\t<div class=\"elementor-background-overlay\"><\/div>\n\t\t\t\t\t\t\t<div class=\"elementor-container elementor-column-gap-default\">\n\t\t\t\t\t<div class=\"elementor-column elementor-col-50 elementor-top-column elementor-element elementor-element-85effd7\" data-id=\"85effd7\" data-element_type=\"column\">\n\t\t\t<div class=\"elementor-widget-wrap elementor-element-populated\">\n\t\t\t\t\t\t<div class=\"elementor-element elementor-element-4c1651f elementor-invisible elementor-widget elementor-widget-heading\" data-id=\"4c1651f\" data-element_type=\"widget\" data-settings=\"{&quot;_animation&quot;:&quot;fadeIn&quot;}\" data-widget_type=\"heading.default\">\n\t\t\t\t<div class=\"elementor-widget-container\">\n\t\t\t\t\t<h2 class=\"elementor-heading-title elementor-size-default\">Pour Toute Demande, N\u2019h\u00e9sitez Pas \u00c0 Nous Contacter<\/h2>\t\t\t\t<\/div>\n\t\t\t\t<\/div>\n\t\t\t\t\t<\/div>\n\t\t<\/div>\n\t\t\t\t<div class=\"elementor-column elementor-col-50 elementor-top-column elementor-element elementor-element-aadf0ec\" data-id=\"aadf0ec\" data-element_type=\"column\">\n\t\t\t<div class=\"elementor-widget-wrap elementor-element-populated\">\n\t\t\t\t\t\t<div class=\"elementor-element elementor-element-7882493 elementor-align-right elementor-mobile-align-left elementor-invisible elementor-widget elementor-widget-button\" data-id=\"7882493\" data-element_type=\"widget\" data-settings=\"{&quot;_animation&quot;:&quot;fadeIn&quot;}\" data-widget_type=\"button.default\">\n\t\t\t\t<div class=\"elementor-widget-container\">\n\t\t\t\t\t\t\t\t\t<div class=\"elementor-button-wrapper\">\n\t\t\t\t\t<a class=\"elementor-button elementor-button-link elementor-size-lg\" href=\"https:\/\/www.elitecom.com.tn\/?page_id=168\">\n\t\t\t\t\t\t<span class=\"elementor-button-content-wrapper\">\n\t\t\t\t\t\t\t\t\t<span class=\"elementor-button-text\">Contactez-nous<\/span>\n\t\t\t\t\t<\/span>\n\t\t\t\t\t<\/a>\n\t\t\t\t<\/div>\n\t\t\t\t\t\t\t\t<\/div>\n\t\t\t\t<\/div>\n\t\t\t\t\t<\/div>\n\t\t<\/div>\n\t\t\t\t\t<\/div>\n\t\t<\/section>\n\t\t\t\t<\/div>\n\t\t","protected":false},"excerpt":{"rendered":"<p>Audit Applicatif Elitecom . L\u2019Audit Applicatif, Premi\u00e8re \u00c9tape Vers l\u2019Optimisation. Nos Services \/ Audit Applicatif Optimisez et Modernisez vos Applications Web et Mobiles avec Expertise Notre service d\u2019audit applicatif d\u00e9di\u00e9 vous permettra d&rsquo;identifier clairement les axes d\u2019am\u00e9lioration et de prendre &hellip; <a href=\"https:\/\/www.elitecom.com.tn\/?page_id=1006\">Read More<\/a><\/p>\n","protected":false},"author":1,"featured_media":0,"parent":0,"menu_order":28,"comment_status":"closed","ping_status":"closed","template":"","meta":{"footnotes":""},"class_list":["post-1006","page","type-page","status-publish","hentry"],"_links":{"self":[{"href":"https:\/\/www.elitecom.com.tn\/index.php?rest_route=\/wp\/v2\/pages\/1006","targetHints":{"allow":["GET"]}}],"collection":[{"href":"https:\/\/www.elitecom.com.tn\/index.php?rest_route=\/wp\/v2\/pages"}],"about":[{"href":"https:\/\/www.elitecom.com.tn\/index.php?rest_route=\/wp\/v2\/types\/page"}],"author":[{"embeddable":true,"href":"https:\/\/www.elitecom.com.tn\/index.php?rest_route=\/wp\/v2\/users\/1"}],"replies":[{"embeddable":true,"href":"https:\/\/www.elitecom.com.tn\/index.php?rest_route=%2Fwp%2Fv2%2Fcomments&post=1006"}],"version-history":[{"count":43,"href":"https:\/\/www.elitecom.com.tn\/index.php?rest_route=\/wp\/v2\/pages\/1006\/revisions"}],"predecessor-version":[{"id":2836,"href":"https:\/\/www.elitecom.com.tn\/index.php?rest_route=\/wp\/v2\/pages\/1006\/revisions\/2836"}],"wp:attachment":[{"href":"https:\/\/www.elitecom.com.tn\/index.php?rest_route=%2Fwp%2Fv2%2Fmedia&parent=1006"}],"curies":[{"name":"wp","href":"https:\/\/api.w.org\/{rel}","templated":true}]}}